{"id":5584,"date":"2022-09-30T17:24:04","date_gmt":"2022-09-30T17:24:04","guid":{"rendered":"https:\/\/lokationre.com\/?page_id=5584"},"modified":"2024-08-02T18:02:50","modified_gmt":"2024-08-02T18:02:50","slug":"luxury","status":"publish","type":"page","link":"https:\/\/lokationre.com\/es\/luxury\/","title":{"rendered":"LoKation Luxury Properties &#8211; Defining Lifestyle In Luxury"},"content":{"rendered":"<p>[et_pb_section fb_built=&#8221;1&#8243; custom_padding_last_edited=&#8221;off|desktop&#8221; admin_label=&#8221;Main Header&#8221; _builder_version=&#8221;4.21.0&#8243; _module_preset=&#8221;default&#8221; background_image=&#8221;https:\/\/lokationre.com\/wp-content\/uploads\/2022\/11\/shutterstock_680232787.jpg&#8221; background_position=&#8221;top_center&#8221; background_enable_video_mp4=&#8221;off&#8221; height=&#8221;700px&#8221; height_tablet=&#8221;450px&#8221; height_phone=&#8221;450px&#8221; height_last_edited=&#8221;on|tablet&#8221; custom_padding=&#8221;||||false|false&#8221; custom_padding_phone=&#8221;114px||8px||false|false&#8221; locked=&#8221;off&#8221; collapsed=&#8221;off&#8221; global_colors_info=&#8221;{}&#8221;][et_pb_row _builder_version=&#8221;4.19.0&#8243; _module_preset=&#8221;default&#8221; background_color=&#8221;rgba(45,52,61,0.93)&#8221; vertical_offset=&#8221;250px&#8221; vertical_offset_tablet=&#8221;75px&#8221; vertical_offset_phone=&#8221;100px&#8221; vertical_offset_last_edited=&#8221;on|phone&#8221; position_origin_a_last_edited=&#8221;off|tablet&#8221; position_origin_f_last_edited=&#8221;off|tablet&#8221; position_origin_r_last_edited=&#8221;off|tablet&#8221; width=&#8221;60%&#8221; width_tablet=&#8221;70%&#8221; width_phone=&#8221;80%&#8221; width_last_edited=&#8221;on|phone&#8221; module_alignment=&#8221;center&#8221; custom_padding=&#8221;0px||0px|||&#8221; background_color_tablet=&#8221;rgba(0,42,78,0.47)&#8221; background_last_edited=&#8221;on|tablet&#8221; background_enable_color_tablet=&#8221;on&#8221; positioning_last_edited=&#8221;off|tablet&#8221; custom_css_main_element=&#8221;overflow:visible;&#8221; border_radii=&#8221;on|10px|10px|10px|10px&#8221; global_colors_info=&#8221;{}&#8221;][et_pb_column type=&#8221;4_4&#8243; _builder_version=&#8221;4.16&#8243; _module_preset=&#8221;default&#8221; global_colors_info=&#8221;{}&#8221;][et_pb_text _builder_version=&#8221;4.19.0&#8243; _module_preset=&#8221;default&#8221; text_text_color=&#8221;#ffffff&#8221; text_font_size=&#8221;45px&#8221; header_font=&#8221;|600|||||||&#8221; header_text_align=&#8221;center&#8221; header_text_color=&#8221;#ffffff&#8221; header_letter_spacing=&#8221;1px&#8221; custom_margin=&#8221;||0px||false|false&#8221; custom_padding=&#8221;15px|5px|0px|5px|false|true&#8221; header_font_size_tablet=&#8221;&#8221; header_font_size_phone=&#8221;38px&#8221; header_font_size_last_edited=&#8221;on|phone&#8221; header_text_shadow_style=&#8221;preset4&#8243; header_text_shadow_horizontal_length=&#8221;0.01em&#8221; header_text_shadow_vertical_length=&#8221;0.01em&#8221; header_text_shadow_blur_strength=&#8221;0.01em&#8221; header_text_shadow_color=&#8221;#222222&#8243; global_colors_info=&#8221;{}&#8221;]<\/p>\n<h1>Reinventa tu estilo de vida<\/h1>\n<p>[\/et_pb_text][et_pb_code disabled_on=&#8221;on|on|off&#8221; _builder_version=&#8221;4.19.0&#8243; _module_preset=&#8221;default&#8221; z_index=&#8221;99&#8243; overflow-y=&#8221;visible&#8221; custom_margin=&#8221;|5%||5%|false|true&#8221; custom_padding=&#8221;||||false|false&#8221; locked=&#8221;off&#8221; global_colors_info=&#8221;{}&#8221;]<div class=\"sidx-container\" sidx-app=\"evhcfaw\"><div class=\"sidx-large-screen\" data-reactroot=\"\" data-reactid=\"1\" data-react-checksum=\"-1957540931\"><div class=\"css-13azwyo\" data-reactid=\"2\"><!-- react-empty: 3 --><!-- react-empty: 4 --><div class=\"sidx-widget-wrapper\" data-reactid=\"5\"><div class=\"sidx-searchform sidx-widget\" data-reactid=\"6\"><div style=\"background:;margin:;padding:;border-radius:;\" data-reactid=\"7\"><div class=\"sidx-basic\" data-reactid=\"8\"><div class=\"sidx-locations-field-wrapper\" data-reactid=\"9\"><div data-reactid=\"10\"><div class=\"sidx-dropdown\" data-reactid=\"11\"><div class=\"sidx-floating-menu-anchor\" tabindex=\"-1\" data-reactid=\"12\"><div data-reactid=\"13\"><div class=\"sidx-suggestions-input\" tabindex=\"-1\" data-reactid=\"14\"><i class=\"sidx-search sidx-icon sidx-fa sidx-fa-search\" data-reactid=\"15\"><\/i><input type=\"text\" placeholder=\"Introduzca una ubicaci\u00f3n o palabra clave\" label=\"Enter a Location or Keyword\" value=\"\" maxlength=\"100\" data-reactid=\"16\"\/><\/div><\/div><\/div><\/div><\/div><\/div><div tabindex=\"1\" class=\"sidx-streamlined-search\" data-reactid=\"17\"><div class=\"sidx-streamlined-toggle\" data-reactid=\"18\"><span data-reactid=\"19\"><!-- react-text: 20 -->M\u00e1s <!-- \/react-text --><i class=\"sidx-chevron-down sidx-icon sidx-fa sidx-fa-chevron-down\" data-reactid=\"21\"><\/i><\/span><\/div><noscript data-reactid=\"22\"><\/noscript><\/div><button class=\"sidx-primary\" data-reactid=\"23\"><i class=\"sidx-search sidx-icon sidx-fa sidx-fa-search\" data-reactid=\"24\"><\/i><\/button><div tabindex=\"1\" class=\"sidx-save-search-pill sidx-search-pill sidx-dropdown-pill sidx-unsaved\" data-reactid=\"25\"><div data-reactid=\"26\"><div class=\"sidx-floating-menu-anchor\" data-reactid=\"27\"><span class=\"sidx-label\" data-reactid=\"28\"><span data-reactid=\"29\">Guardar b\u00fasqueda<\/span><\/span><\/div><div class=\"sidx-click-area\" data-reactid=\"30\"><\/div><noscript data-reactid=\"31\"><\/noscript><\/div><\/div><\/div><div style=\"margin-top:7px;\" data-reactid=\"32\"><div class=\"sidx-collapse-button\" data-reactid=\"33\"><span data-reactid=\"34\"><i class=\"sidx-plus-circle sidx-icon sidx-fa sidx-fa-plus-circle\" data-reactid=\"35\"><\/i><!-- react-text: 36 --> <!-- \/react-text --><!-- react-text: 37 -->B\u00fasqueda avanzada<!-- \/react-text --><\/span><\/div><\/div><\/div><form method=\"POST\" action=\"https:\/\/lokationre.com\/es\/searchproperties\/\" data-reactid=\"38\" data-trp-original-action=\"https:\/\/lokationre.com\/searchproperties\/\"><input type=\"hidden\" name=\"initial_search_filters\" data-reactid=\"39\"\/><input type=\"hidden\" name=\"trp-form-language\" value=\"es\"\/><\/form><\/div><img decoding=\"async\" class=\"sidx-image-cookie\" style=\"display:none;\" src=\"https:\/\/lokationre.com\/searchproperties\/signin\/0d80ad2a-9853-4a60-8df8-1cd0cc28a10b\" data-reactid=\"40\"\/><\/div><\/div><\/div><\/div><link href=\"https:\/\/search.showcaseidx.com\/app\/css\/0cae89b2-7862-4f5a-a67a-8011b28ff5ab\/custom.css\" type=\"text\/css\" rel=\"stylesheet\"\/>[\/et_pb_code][\/et_pb_column][\/et_pb_row][\/et_pb_section][et_pb_section fb_built=&#8221;1&#8243; admin_label=&#8221;Search Dream Property&#8221; _builder_version=&#8221;4.19.0&#8243; _module_preset=&#8221;default&#8221; background_color=&#8221;#f4f4f4&#8243; custom_margin=&#8221;||||false|false&#8221; custom_padding=&#8221;||||false|false&#8221; bottom_divider_flip=&#8221;vertical&#8221; locked=&#8221;off&#8221; collapsed=&#8221;off&#8221; global_colors_info=&#8221;{}&#8221;][et_pb_row _builder_version=&#8221;4.19.0&#8243; _module_preset=&#8221;default&#8221; custom_padding=&#8221;||||true|false&#8221; global_colors_info=&#8221;{}&#8221;][et_pb_column type=&#8221;4_4&#8243; _builder_version=&#8221;4.19.0&#8243; _module_preset=&#8221;default&#8221; global_colors_info=&#8221;{}&#8221;][et_pb_text _builder_version=&#8221;4.27.0&#8243; _module_preset=&#8221;default&#8221; header_text_color=&#8221;#4D4D4D&#8221; header_2_text_align=&#8221;center&#8221; header_2_text_color=&#8221;#4D4D4D&#8221; custom_padding=&#8221;||||false|false&#8221; global_colors_info=&#8221;{}&#8221;]<\/p>\n<h2 style=\"text-align: center;\">Experimente la combinaci\u00f3n perfecta de lujo e innovaci\u00f3n con<\/h2>\n<h2 style=\"text-align: center;\">El servicio de conserjer\u00eda a medida de LoKation Real Estate.<\/h2>\n<p>[\/et_pb_text][et_pb_text _builder_version=&#8221;4.27.0&#8243; _module_preset=&#8221;default&#8221; width=&#8221;75%&#8221; width_tablet=&#8221;90%&#8221; width_phone=&#8221;90%&#8221; width_last_edited=&#8221;on|tablet&#8221; module_alignment=&#8221;center&#8221; hover_enabled=&#8221;0&#8243; global_colors_info=&#8221;{}&#8221; sticky_enabled=&#8221;0&#8243;]<\/p>\n<p style=\"text-align: center;\">En la intersecci\u00f3n del lujo y la tecnolog\u00eda, nuestro servicio de conserjer\u00eda personalizado le garantiza una experiencia impecable y privada, adaptada a sus necesidades \u00fanicas. Disfrute de un trato preferencial por parte de nuestros agentes expertos, reconocidos por la Asociaci\u00f3n Nacional de Agentes Inmobiliarios (NAR) por su conocimiento y profesionalismo. Nuestro enfoque tecnol\u00f3gico garantiza una valoraci\u00f3n \u00f3ptima de su propiedad y transacciones \u00e1giles, simplificando al m\u00e1ximo el proceso de compraventa de su vivienda. Descubra la diferencia de LoKation hoy mismo.<\/p>\n<p>[\/et_pb_text][\/et_pb_column][\/et_pb_row][et_pb_row column_structure=&#8221;1_3,1_3,1_3&#8243; use_custom_gutter=&#8221;on&#8221; gutter_width=&#8221;1&#8243; make_equal=&#8221;on&#8221; _builder_version=&#8221;4.19.0&#8243; _module_preset=&#8221;default&#8221; width=&#8221;975px&#8221; width_tablet=&#8221;50%&#8221; width_phone=&#8221;95%&#8221; width_last_edited=&#8221;on|desktop&#8221; module_alignment=&#8221;center&#8221; custom_margin=&#8221;||3px||false|true&#8221; custom_padding=&#8221;||||false|false&#8221; global_colors_info=&#8221;{}&#8221;][et_pb_column type=&#8221;1_3&#8243; _builder_version=&#8221;4.19.0&#8243; _module_preset=&#8221;default&#8221; custom_padding=&#8221;|0px||0px|true|true&#8221; custom_padding_tablet=&#8221;5px||||false|true&#8221; custom_padding_phone=&#8221;5px|0px||0px|false|true&#8221; custom_padding_last_edited=&#8221;on|phone&#8221; global_colors_info=&#8221;{}&#8221;][et_pb_image_n10s src=&#8221;https:\/\/lokationre.com\/wp-content\/uploads\/2022\/11\/alabama-bg-button.jpg&#8221; n10s_type=&#8221;mumbai&#8221; title1_overlay=&#8221;Alabama&#8221; use_overlay_gradient=&#8221;on&#8221; overlay_color1=&#8221;rgba(77,77,77,0.9)&#8221; overlay_color2=&#8221;rgba(208,208,208,0.15)&#8221; overlay_color_stop2=&#8221;85&#8243; _builder_version=&#8221;4.19.0&#8243; _module_preset=&#8221;default&#8221; header_font=&#8221;|700||on|||||&#8221; header_text_align=&#8221;center&#8221; header_text_color=&#8221;#FFFFFF&#8221; header_font_size=&#8221;28px&#8221; header_letter_spacing=&#8221;1px&#8221; min_height=&#8221;145px&#8221; custom_padding=&#8221;3px|3px|0px|3px|false|true&#8221; link_option_url=&#8221;\/alabama&#8221; global_colors_info=&#8221;{}&#8221;][\/et_pb_image_n10s][et_pb_image_n10s src=&#8221;https:\/\/lokationre.com\/wp-content\/uploads\/2022\/11\/georgia-bg-button.jpg&#8221; n10s_type=&#8221;mumbai&#8221; title1_overlay=&#8221;Georgia&#8221; use_overlay_gradient=&#8221;on&#8221; overlay_color1=&#8221;rgba(77,77,77,0.9)&#8221; overlay_color2=&#8221;rgba(208,208,208,0.15)&#8221; overlay_color_stop2=&#8221;85&#8243; _builder_version=&#8221;4.19.0&#8243; _module_preset=&#8221;default&#8221; header_font=&#8221;|700||on|||||&#8221; header_text_align=&#8221;center&#8221; header_text_color=&#8221;#FFFFFF&#8221; header_font_size=&#8221;28px&#8221; header_letter_spacing=&#8221;1px&#8221; min_height=&#8221;145px&#8221; custom_padding=&#8221;3px|3px|0px|3px|false|true&#8221; link_option_url=&#8221;\/georgia&#8221; global_colors_info=&#8221;{}&#8221;][\/et_pb_image_n10s][\/et_pb_column][et_pb_column type=&#8221;1_3&#8243; _builder_version=&#8221;4.19.0&#8243; _module_preset=&#8221;default&#8221; custom_padding=&#8221;|0px||0px|false|true&#8221; custom_padding_tablet=&#8221;5px||||false|true&#8221; custom_padding_phone=&#8221;5px|0px||0px|false|true&#8221; custom_padding_last_edited=&#8221;on|phone&#8221; global_colors_info=&#8221;{}&#8221;][et_pb_image_n10s src=&#8221;https:\/\/lokationre.com\/wp-content\/uploads\/2022\/11\/florida-bg-button.jpg&#8221; n10s_type=&#8221;mumbai&#8221; title1_overlay=&#8221;FLORIDA&#8221; use_overlay_gradient=&#8221;on&#8221; overlay_color1=&#8221;rgba(77,77,77,0.9)&#8221; overlay_color2=&#8221;rgba(208,208,208,0.15)&#8221; overlay_color_stop2=&#8221;85&#8243; _builder_version=&#8221;4.19.0&#8243; _module_preset=&#8221;default&#8221; header_font=&#8221;|700||on|||||&#8221; header_text_align=&#8221;center&#8221; header_text_color=&#8221;#FFFFFF&#8221; header_font_size=&#8221;28px&#8221; header_letter_spacing=&#8221;1px&#8221; min_height=&#8221;145px&#8221; custom_padding=&#8221;3px|3px|0px|3px|false|true&#8221; link_option_url=&#8221;\/florida&#8221; global_colors_info=&#8221;{}&#8221;][\/et_pb_image_n10s][et_pb_image_n10s src=&#8221;https:\/\/lokationre.com\/wp-content\/uploads\/2022\/11\/southcarolina-bg-button.jpg&#8221; n10s_type=&#8221;mumbai&#8221; title1_overlay=&#8221;South Carolina&#8221; use_overlay_gradient=&#8221;on&#8221; overlay_color1=&#8221;rgba(77,77,77,0.9)&#8221; overlay_color2=&#8221;rgba(208,208,208,0.15)&#8221; overlay_color_stop2=&#8221;85&#8243; _builder_version=&#8221;4.19.0&#8243; _module_preset=&#8221;default&#8221; header_font=&#8221;|700||on|||||&#8221; header_text_align=&#8221;center&#8221; header_text_color=&#8221;#FFFFFF&#8221; header_font_size=&#8221;28px&#8221; header_letter_spacing=&#8221;1px&#8221; min_height=&#8221;145px&#8221; custom_padding=&#8221;3px|3px|0px|3px|false|true&#8221; link_option_url=&#8221;\/southcarolina&#8221; global_colors_info=&#8221;{}&#8221;][\/et_pb_image_n10s][\/et_pb_column][et_pb_column type=&#8221;1_3&#8243; _builder_version=&#8221;4.19.0&#8243; _module_preset=&#8221;default&#8221; custom_padding=&#8221;|0px||0px|false|true&#8221; custom_padding_tablet=&#8221;5px||||false|true&#8221; custom_padding_phone=&#8221;5px|0px||0px|false|true&#8221; custom_padding_last_edited=&#8221;on|phone&#8221; global_colors_info=&#8221;{}&#8221;][et_pb_image_n10s src=&#8221;https:\/\/lokationre.com\/wp-content\/uploads\/2022\/11\/colorado-bg-button.jpg&#8221; n10s_type=&#8221;mumbai&#8221; title1_overlay=&#8221;Colorado&#8221; use_overlay_gradient=&#8221;on&#8221; overlay_color1=&#8221;rgba(77,77,77,0.9)&#8221; overlay_color2=&#8221;rgba(208,208,208,0.15)&#8221; overlay_color_stop2=&#8221;85&#8243; _builder_version=&#8221;4.19.0&#8243; _module_preset=&#8221;default&#8221; header_font=&#8221;|700||on|||||&#8221; header_text_align=&#8221;center&#8221; header_text_color=&#8221;#FFFFFF&#8221; header_font_size=&#8221;28px&#8221; header_letter_spacing=&#8221;1px&#8221; min_height=&#8221;145px&#8221; custom_padding=&#8221;3px|3px|0px|3px|false|true&#8221; link_option_url=&#8221;\/colorado&#8221; global_colors_info=&#8221;{}&#8221;][\/et_pb_image_n10s][et_pb_image_n10s src=&#8221;https:\/\/lokationre.com\/wp-content\/uploads\/2022\/11\/texas-bg-button.jpg&#8221; n10s_type=&#8221;mumbai&#8221; title1_overlay=&#8221;Texas&#8221; use_overlay_gradient=&#8221;on&#8221; overlay_color1=&#8221;rgba(77,77,77,0.9)&#8221; overlay_color2=&#8221;rgba(208,208,208,0.15)&#8221; overlay_color_stop2=&#8221;85&#8243; _builder_version=&#8221;4.19.0&#8243; _module_preset=&#8221;default&#8221; header_font=&#8221;|700||on|||||&#8221; header_text_align=&#8221;center&#8221; header_text_color=&#8221;#FFFFFF&#8221; header_font_size=&#8221;28px&#8221; header_letter_spacing=&#8221;1px&#8221; min_height=&#8221;145px&#8221; custom_padding=&#8221;3px|3px|0px|3px|false|true&#8221; link_option_url=&#8221;\/texas&#8221; global_colors_info=&#8221;{}&#8221;][\/et_pb_image_n10s][\/et_pb_column][\/et_pb_row][\/et_pb_section]<\/p>","protected":false},"excerpt":{"rendered":"<p>Reinventa tu estilo de vida<div class=\"sidx-container\" sidx-app=\"qxkekxi\"><div class=\"sidx-large-screen\" data-reactroot=\"\" data-reactid=\"1\" data-react-checksum=\"-1861858309\"><div class=\"css-13azwyo\" data-reactid=\"2\"><!-- react-empty: 3 --><!-- react-empty: 4 --><div class=\"sidx-widget-wrapper\" data-reactid=\"5\"><div class=\"sidx-searchform sidx-widget\" data-reactid=\"6\"><div style=\"background:;margin:;padding:;border-radius:;\" data-reactid=\"7\"><div class=\"sidx-basic\" data-reactid=\"8\"><div class=\"sidx-locations-field-wrapper\" data-reactid=\"9\"><div data-reactid=\"10\"><div class=\"sidx-dropdown\" data-reactid=\"11\"><div class=\"sidx-floating-menu-anchor\" tabindex=\"-1\" data-reactid=\"12\"><div data-reactid=\"13\"><div class=\"sidx-suggestions-input\" tabindex=\"-1\" data-reactid=\"14\"><i class=\"sidx-search sidx-icon sidx-fa sidx-fa-search\" data-reactid=\"15\"><\/i><input type=\"text\" placeholder=\"Introduzca una ubicaci\u00f3n o palabra clave\" label=\"Enter a Location or Keyword\" value=\"\" maxlength=\"100\" data-reactid=\"16\"\/><\/div><\/div><\/div><\/div><\/div><\/div><div tabindex=\"1\" class=\"sidx-streamlined-search\" data-reactid=\"17\"><div class=\"sidx-streamlined-toggle\" data-reactid=\"18\"><span data-reactid=\"19\"><!-- react-text: 20 -->M\u00e1s <!-- \/react-text --><i class=\"sidx-chevron-down sidx-icon sidx-fa sidx-fa-chevron-down\" data-reactid=\"21\"><\/i><\/span><\/div><noscript data-reactid=\"22\"><\/noscript><\/div><button class=\"sidx-primary\" data-reactid=\"23\"><i class=\"sidx-search sidx-icon sidx-fa sidx-fa-search\" data-reactid=\"24\"><\/i><\/button><div tabindex=\"1\" class=\"sidx-save-search-pill sidx-search-pill sidx-dropdown-pill sidx-unsaved\" data-reactid=\"25\"><div data-reactid=\"26\"><div class=\"sidx-floating-menu-anchor\" data-reactid=\"27\"><span class=\"sidx-label\" data-reactid=\"28\"><span data-reactid=\"29\">Guardar b\u00fasqueda<\/span><\/span><\/div><div class=\"sidx-click-area\" data-reactid=\"30\"><\/div><noscript data-reactid=\"31\"><\/noscript><\/div><\/div><\/div><div style=\"margin-top:7px;\" data-reactid=\"32\"><div class=\"sidx-collapse-button\" data-reactid=\"33\"><span data-reactid=\"34\"><i class=\"sidx-plus-circle sidx-icon sidx-fa sidx-fa-plus-circle\" data-reactid=\"35\"><\/i><!-- react-text: 36 --> <!-- \/react-text --><!-- react-text: 37 -->B\u00fasqueda avanzada<!-- \/react-text --><\/span><\/div><\/div><\/div><form method=\"POST\" action=\"https:\/\/lokationre.com\/es\/searchproperties\/\" data-reactid=\"38\" data-trp-original-action=\"https:\/\/lokationre.com\/searchproperties\/\"><input type=\"hidden\" name=\"initial_search_filters\" data-reactid=\"39\"\/><input type=\"hidden\" name=\"trp-form-language\" value=\"es\"\/><\/form><\/div><img decoding=\"async\" class=\"sidx-image-cookie\" style=\"display:none;\" src=\"https:\/\/lokationre.com\/searchproperties\/signin\/f91507f2-0505-4b5e-bb5a-d9c02faad98e\" data-reactid=\"40\"\/><\/div><\/div><\/div><\/div><link href=\"https:\/\/search.showcaseidx.com\/app\/css\/0cae89b2-7862-4f5a-a67a-8011b28ff5ab\/custom.css\" type=\"text\/css\" rel=\"stylesheet\"\/>Experience the perfect blend of luxury and innovation with LoKation Real Estate&#8217;s bespoke concierge service.At the intersection of luxury and technology, our bespoke concierge service ensures a seamless and private experience tailored to your unique needs. Enjoy white glove treatment from our expert agents, recognized by the National Association of&hellip;<\/p>","protected":false},"author":18,"featured_media":0,"parent":0,"menu_order":0,"comment_status":"closed","ping_status":"closed","template":"","meta":{"_acf_changed":false,"_seopress_robots_primary_cat":"","_seopress_titles_title":"LoKation Luxury - Defining Lifestyle In Luxury","_seopress_titles_desc":"","_seopress_robots_index":"","_et_pb_use_builder":"on","_et_pb_old_content":"","_et_gb_content_width":"","footnotes":""},"class_list":["post-5584","page","type-page","status-publish","hentry"],"acf":[],"_links":{"self":[{"href":"https:\/\/lokationre.com\/es\/wp-json\/wp\/v2\/pages\/5584","targetHints":{"allow":["GET"]}}],"collection":[{"href":"https:\/\/lokationre.com\/es\/wp-json\/wp\/v2\/pages"}],"about":[{"href":"https:\/\/lokationre.com\/es\/wp-json\/wp\/v2\/types\/page"}],"author":[{"embeddable":true,"href":"https:\/\/lokationre.com\/es\/wp-json\/wp\/v2\/users\/18"}],"replies":[{"embeddable":true,"href":"https:\/\/lokationre.com\/es\/wp-json\/wp\/v2\/comments?post=5584"}],"version-history":[{"count":0,"href":"https:\/\/lokationre.com\/es\/wp-json\/wp\/v2\/pages\/5584\/revisions"}],"wp:attachment":[{"href":"https:\/\/lokationre.com\/es\/wp-json\/wp\/v2\/media?parent=5584"}],"curies":[{"name":"wp","href":"https:\/\/api.w.org\/{rel}","templated":true}]}}